{"id":3693,"date":"2021-02-24T11:38:37","date_gmt":"2021-02-24T10:38:37","guid":{"rendered":"https:\/\/www.yannberriet.com\/curriculum-vitae\/"},"modified":"2024-10-17T14:28:05","modified_gmt":"2024-10-17T12:28:05","slug":"curriculum-vitae","status":"publish","type":"page","link":"https:\/\/www.yannberriet.com\/es\/curriculum-vitae\/","title":{"rendered":"Curr\u00edculum v\u00edtae"},"content":{"rendered":"\n<div class=\"wp-block-file\"><a id=\"wp-block-file--media-4e8d69fb-8ff4-40e1-9215-aa4cce23855a\" href=\"http:\/\/www.yannberriet.com\/wp-content\/uploads\/2022\/10\/CV_YANN_ES.pdf\" target=\"_blank\" rel=\"noreferrer noopener\">CV_YANN_ES<\/a><a href=\"http:\/\/www.yannberriet.com\/wp-content\/uploads\/2022\/10\/CV_YANN_ES.pdf\" class=\"wp-block-file__button wp-element-button\" download=\"\" aria-describedby=\"wp-block-file--media-4e8d69fb-8ff4-40e1-9215-aa4cce23855a\">Descargar<\/a><\/div>\n\n<h2 class=\"wp-block-heading\">Datos personales<\/h2>\n\n<p><br\/><br\/><br\/><br\/>43 A\u00d1OS (03\/03\/1980) 1.72M 75KG OJOS VERDE-AZULES CABELLO CASTA\u00d1O<\/p>\n\n<div class=\"wp-block-group is-layout-flow wp-block-group-is-layout-flow\"><div class=\"wp-block-group__inner-container\">\n<h2 class=\"wp-block-heading\">AUDIOVISUAL<\/h2>\n\n\n\n<p>2023<\/p>\n\n\n\n<p><strong>La vida sin censura . <\/strong> Publicidad. Dir. Diego Nu\u00f1ez Irigoyen. Producci\u00f3n: Lionsgate.<\/p>\n\n\n\n<p><strong>Tour Tanguy . <\/strong> Audiovisual de espect\u00e1culos. Producci\u00f3n: Atiz, Ayuntamiento de Brest (FR).<\/p>\n\n\n\n<p>2022<\/p>\n\n\n\n<p><strong>Pocoy\u00f3 . <\/strong> Traducci\u00f3n y canci\u00f3n. producci\u00f3n Pocoyo \/ The Lobby.<\/p>\n\n\n\n<p><strong>Inmersi\u00f3n en el Art Nouveau<\/strong>. Serie de ficci\u00f3n. Producci\u00f3n Monolithe. Papel : Albert Bergeret.<\/p>\n\n\n\n<p><strong>Un hombre de acci\u00f3n<\/strong>. Pel\u00edcula de Javier Ruiz Caldera. producci\u00f3n Netflix . papel : Agente 1.<\/p>\n\n\n\n<p>2021<\/p>\n\n\n\n<p><strong>El son\u00e1mbulo<\/strong>. serie. producci\u00f3n Centaure \/ Arte. papel : Swift<\/p>\n\n\n\n<p>2020<\/p>\n\n\n\n<p><\/p>\n\n\n\n<p>2017<\/p>\n\n\n\n<p><strong>Campa\u00f1a Paquete Neutro<\/strong>. publicidad. producci\u00f3n Cauboyz \/ Philip Morris. papel : Crist\u00f3bal Col\u00f3n  <\/p>\n\n\n\n<p>2013<\/p>\n\n\n\n<p><strong>Campa\u00f1a Hazte extranjero<\/strong>. publicidad. producci\u00f3n Campofrio \/ La Joya. Dir: Ic\u00edar Bolla\u00edn. papel : el frances y la voz<\/p>\n<\/div><\/div>\n\n<div class=\"wp-block-group is-layout-flow wp-block-group-is-layout-flow\"><div class=\"wp-block-group__inner-container\">\n<h2 class=\"wp-block-heading\">Cursos<\/h2>\n\n\n\n<p><strong>EL ACTOR EN ESCENA<\/strong>. Cours Florent &#8211; Francia &#8211; impartido por R\u00e9gine Menauge-Cendre<\/p>\n\n\n\n<p><strong>BURLESQUE<\/strong>. Ecole Lecoq &#8211; Francia &#8211; impartido por Jos Houben &amp; Christophe Marchand<\/p>\n\n\n\n<p><strong>EL RELATO EN TEATRO<\/strong>. CDN La Manufacture &#8211; Francia &#8211; impartido por Jean-Yves Ruf<\/p>\n\n\n\n<p><strong>PAYASO.<\/strong>  Avner Eisenberg, Ira Seidenstein, Gilles Defaque, Francis Albiero&#8230;<\/p>\n\n\n\n<p><strong>IMPRO.<\/strong>  Carles Castillo, Omar Galvan, Marko Mayerl, Yvo Mentens, Jill Bernard&#8230;<\/p>\n\n\n\n<p><strong>VOZ.<\/strong>  Camille Lebourg<\/p>\n<\/div><\/div>\n\n<div class=\"wp-block-group is-layout-flow wp-block-group-is-layout-flow\"><div class=\"wp-block-group__inner-container\">\n<h2 class=\"wp-block-heading\">Teatro (reciente)<\/h2>\n\n\n\n<p>2020\/23<\/p>\n\n\n\n<p><strong>El juicio<\/strong> del robot. compa\u00f1\u00eda Crache-Texte. Francia. Reflexi\u00f3n teatral sobre la inteligencia artificial.<\/p>\n\n\n\n<p><strong>Todos los rojos<\/strong> del cielo. compa\u00f1\u00eda SAYN. Francia. Obra basada en los <em>Cuentos orientales<\/em> de M. Yourcenar<\/p>\n\n\n\n<p><strong>Pyjama<\/strong>. compa\u00f1\u00eda Crache-Texte. Francia. Obra de impro infantil.<\/p>\n\n\n\n<p><strong>OK Tartufo<\/strong>. compa\u00f1\u00eda Adara. Francia. Tartufo de Moli\u00e8re en versi\u00f3n teatro multimedia.<\/p>\n\n\n\n<p><strong>\u00bfConectado<\/strong>? compa\u00f1\u00eda Crache-Texte. Francia. Reflexi\u00f3n teatral sobre el uso de las nuevas tecnolog\u00edas.<\/p>\n\n\n\n<p>2019<\/p>\n\n\n\n<p><strong>El ilustre teatro de los Hermanos Sabbatini<\/strong>. compa\u00f1ia Histoires d&#8217;eux. Francia. Obras de t\u00edteres por la calle.<\/p>\n\n\n\n<p><strong>Taller de payasos<\/strong>. compa\u00f1\u00eda Flex. Francia. Actuaci\u00f3n de payasos.<\/p>\n<\/div><\/div>\n\n<p><\/p>\n","protected":false},"excerpt":{"rendered":"<p>Datos personales 43 A\u00d1OS (03\/03\/1980) 1.72M 75KG OJOS VERDE-AZULES CABELLO CASTA\u00d1O AUDIOVISUAL 2023 La vida sin censura . Publicidad. Dir. Diego Nu\u00f1ez Irigoyen. Producci\u00f3n: Lionsgate. Tour Tanguy . Audiovisual de espect\u00e1culos. Producci\u00f3n: Atiz, Ayuntamiento de Brest (FR). 2022 Pocoy\u00f3 . Traducci\u00f3n y canci\u00f3n. producci\u00f3n Pocoyo \/ The Lobby. Inmersi\u00f3n en el Art Nouveau. Serie de [&hellip;]<\/p>\n","protected":false},"author":1,"featured_media":0,"parent":0,"menu_order":0,"comment_status":"closed","ping_status":"closed","template":"","meta":{"_monsterinsights_skip_tracking":false,"_monsterinsights_sitenote_active":false,"_monsterinsights_sitenote_note":"","_monsterinsights_sitenote_category":0,"footnotes":""},"jetpack_sharing_enabled":true,"_links":{"self":[{"href":"https:\/\/www.yannberriet.com\/es\/wp-json\/wp\/v2\/pages\/3693"}],"collection":[{"href":"https:\/\/www.yannberriet.com\/es\/wp-json\/wp\/v2\/pages"}],"about":[{"href":"https:\/\/www.yannberriet.com\/es\/wp-json\/wp\/v2\/types\/page"}],"author":[{"embeddable":true,"href":"https:\/\/www.yannberriet.com\/es\/wp-json\/wp\/v2\/users\/1"}],"replies":[{"embeddable":true,"href":"https:\/\/www.yannberriet.com\/es\/wp-json\/wp\/v2\/comments?post=3693"}],"version-history":[{"count":3,"href":"https:\/\/www.yannberriet.com\/es\/wp-json\/wp\/v2\/pages\/3693\/revisions"}],"predecessor-version":[{"id":3884,"href":"https:\/\/www.yannberriet.com\/es\/wp-json\/wp\/v2\/pages\/3693\/revisions\/3884"}],"wp:attachment":[{"href":"https:\/\/www.yannberriet.com\/es\/wp-json\/wp\/v2\/media?parent=3693"}],"curies":[{"name":"wp","href":"https:\/\/api.w.org\/{rel}","templated":true}]}}