{"id":3843,"date":"2017-07-26T04:10:03","date_gmt":"2017-07-26T02:10:03","guid":{"rendered":"https:\/\/www.yannberriet.com\/sobre-mi\/"},"modified":"2024-02-16T15:54:00","modified_gmt":"2024-02-16T14:54:00","slug":"sobre-mi","status":"publish","type":"page","link":"http:\/\/www.yannberriet.com\/es\/sobre-mi\/","title":{"rendered":"Sobre m\u00ed"},"content":{"rendered":"<p>[vc_row full_width=&#8221;stretch_row_content_no_spaces&#8221;][vc_column][vc_row_inner][vc_column_inner]                        <div class=\"  \">\n                <div class=\"banner-shortcode-wrapper style_5 \">\n    <div class=\"banner-content-wrapper\">\n                                    <img decoding=\"async\" src=\"http:\/\/www.yannberriet.com\/wp-content\/uploads\/2024\/01\/BANDEAU_YANN.jpg\" alt=\"Yann Berriet\">\n                        <div class=\"banner-content-inner\">\n                <div class=\"banner-content\">\n                                            <h6 class=\"banner-title\">Yann Berriet<\/h6>\n                                                                <p class=\"banner-description\">Actor<\/p>\n                                    <\/div>\n            <\/div>\n            <\/div>\n<\/div>            <\/div>\n                    [\/vc_column_inner][\/vc_row_inner][\/vc_column][\/vc_row][vc_row full_width=&#8221;stretch_row&#8221; css=&#8221;.vc_custom_1501058254990{padding-top: 10% !important;padding-bottom: 8% !important;}&#8221;][vc_column width=&#8221;5\/12&#8243; css=&#8221;.vc_custom_1499220953663{padding-right: 15% !important;}&#8221;][vc_row_inner][vc_column_inner]                        <div class=\"  \">\n                <div class=\"banner-shortcode-wrapper style_3 \">\n    <div class=\"banner-content-wrapper\">\n                    <a href=\"#\" target=\"_self\">\n                                    <div class=\"banner-image\">\n                    <img decoding=\"async\" src=\"http:\/\/www.yannberriet.com\/wp-content\/uploads\/2021\/03\/4M9A8193-1-scaled.jpg\" alt=\"\">\n                <\/div>\n                        <div class=\"banner-content-inner\">\n                <div class=\"banner-content\">\n                                    <\/div>\n            <\/div>\n                    <\/a>\n            <\/div>\n<\/div>            <\/div>\n                    [\/vc_column_inner][\/vc_row_inner][\/vc_column][vc_column width=&#8221;1\/12&#8243;][\/vc_column][vc_column width=&#8221;1\/2&#8243;][vc_row_inner][vc_column_inner][vc_custom_heading heading_style=&#8221;heading_style_1&#8243; text=&#8221;Yann Berriet&#8221; use_theme_fonts=&#8221;yes&#8221; css=&#8221;.vc_custom_1705051400228{padding-bottom: 0px !important;}&#8221;][vc_custom_heading heading_style=&#8221;heading_style_3&#8243; text=&#8221;C\u00f3mico franc\u00e9s especializado en improvisaci\u00f3n.&#8221; font_container=&#8221;tag:p|text_align:left&#8221; use_theme_fonts=&#8221;yes&#8221; el_class=&#8221;secondary-font&#8221;][\/vc_column_inner][\/vc_row_inner][vc_row_inner css=&#8221;.vc_custom_1499221078912{padding-bottom: 20px !important;}&#8221;][vc_column_inner][vc_column_text css=&#8221;.vc_custom_1705239283210{padding-top: 20px !important;}&#8221;]Yann Berriet es un actor franc\u00e9s que divide su tiempo entre Francia y Espa\u00f1a. Improvisador profesional desde hace 20 a\u00f1os, ahora abre su pr\u00e1ctica a otras disciplinas como el cine y la canci\u00f3n. Ha trabajado en proyectos para Netflix y Arte France.[\/vc_column_text][\/vc_column_inner][\/vc_row_inner][vc_row_inner][vc_column_inner width=&#8221;1\/2&#8243;][vc_custom_heading text=&#8221;2023&#8243; font_container=&#8221;tag:h6|font_size:16px|text_align:left&#8221; use_theme_fonts=&#8221;yes&#8221; el_class=&#8221;body-font&#8221;][vc_column_text]<strong>Campa\u00f1a La vida sin censura.<\/strong>  Dirigida por Diego N\u00fa\u00f1ez Irigoyen. Prod. Lionsgate.<\/p>\n<p><strong>Ch\u00e2teau de Malbrouck.<\/strong>  V\u00eddeo inmersivo. Dirigida por y Prod. Estudio Monolithe. Papel: Dr Thierry Bordes<\/p>\n<p><strong>Torre Tanguy<\/strong>. V\u00eddeo inmersivo. Dirigida por Cie du 7e cercle. Prod. Atiz. Papel: Eug\u00e8ne.[\/vc_column_text][\/vc_column_inner][vc_column_inner width=&#8221;1\/2&#8243;][vc_custom_heading text=&#8221;2022&#8243; font_container=&#8221;tag:h6|font_size:16px|text_align:left&#8221; use_theme_fonts=&#8221;yes&#8221; el_class=&#8221;body-font&#8221;][vc_column_text]<strong>Un hombre de acci\u00f3n<\/strong>. Ficci\u00f3n. Dirigida por Javier Ruiz Caldera. Prod. Netflix.  <em>Papel: Agente 1.<\/em><\/p>\n<p><strong>Nancy 1901<\/strong>. Ficci\u00f3n. Prod. y R\u00e9al. Estudio Monolithe.  <em>Papel: Bergeret.<\/em><\/p>\n<p><strong>Pocoyo.<\/strong>  Dirigida por El vest\u00edbulo.  <em>Traducci\u00f3n e interpretaci\u00f3n. 20 canciones.<\/em>[\/vc_column_text][\/vc_column_inner][\/vc_row_inner][vc_row_inner][vc_column_inner width=&#8221;1\/2&#8243;][vc_custom_heading text=&#8221;2021&#8243; font_container=&#8221;tag:h1|font_size:16px|text_align:left&#8221; use_theme_fonts=&#8221;yes&#8221; el_class=&#8221;body-font&#8221;][vc_column_text]<\/p>\n<p class=\"p1\"><strong>El son\u00e1mbulo.<\/strong>  Ficci\u00f3n. Dirigida por J\u00e9r\u00e9my Strohm. Prod. Arte TV.  <em>Papel: Martinet.<\/em><\/p>\n<p>[\/vc_column_text][\/vc_column_inner][vc_column_inner width=&#8221;1\/2&#8243;][vc_custom_heading text=&#8221;Desde 2020&#8243; font_container=&#8221;tag:h6|font_size:16px|text_align:left&#8221; use_theme_fonts=&#8221;yes&#8221; el_class=&#8221;body-font&#8221;][vc_column_text]<\/p>\n<p class=\"p1\"><strong>Campa\u00f1a &#8220;Paquete neutro&#8221;.<\/strong>  Philip Morris.<em>  Papel: Crist\u00f3bal Col\u00f3n<\/em><\/p>\n<p class=\"p1\"><strong>Campa\u00f1a Hazte extranjero.<\/strong>  Campofrio.  <em>Papel: El franc\u00e9s.<\/em><\/p>\n<p class=\"p1\"><strong>Me gustar\u00eda ser una estrella.<\/strong>  Cetrobo.  <em>Papel: Domador<\/em><\/p>\n<p><strong>Zona 42.<\/strong>  Dirigida por Thomas Desenne.  <em>Papel: polic\u00eda.<\/em><\/p>\n<p><strong>La investigaci\u00f3n en la canci\u00f3n.<\/strong>  Prod. Universidad de Lorena. Escribir e interpretar 10 canciones.[\/vc_column_text][\/vc_column_inner][\/vc_row_inner][\/vc_column][\/vc_row]<\/p>\n","protected":false},"excerpt":{"rendered":"<p>[vc_row full_width=&#8221;stretch_row_content_no_spaces&#8221;][vc_column][vc_row_inner][vc_column_inner][\/vc_column_inner][\/vc_row_inner][\/vc_column][\/vc_row][vc_row full_width=&#8221;stretch_row&#8221; css=&#8221;.vc_custom_1501058254990{padding-top: 10% !important;padding-bottom: 8% !important;}&#8221;][vc_column width=&#8221;5\/12&#8243; css=&#8221;.vc_custom_1499220953663{padding-right: 15% !important;}&#8221;][vc_row_inner][vc_column_inner][\/vc_column_inner][\/vc_row_inner][\/vc_column][vc_column width=&#8221;1\/12&#8243;][\/vc_column][vc_column width=&#8221;1\/2&#8243;][vc_row_inner][vc_column_inner][vc_custom_heading heading_style=&#8221;heading_style_1&#8243; text=&#8221;Yann Berriet&#8221; use_theme_fonts=&#8221;yes&#8221; css=&#8221;.vc_custom_1705051400228{padding-bottom: 0px !important;}&#8221;][vc_custom_heading heading_style=&#8221;heading_style_3&#8243; text=&#8221;C\u00f3mico franc\u00e9s especializado en improvisaci\u00f3n.&#8221; font_container=&#8221;tag:p|text_align:left&#8221; use_theme_fonts=&#8221;yes&#8221; el_class=&#8221;secondary-font&#8221;][\/vc_column_inner][\/vc_row_inner][vc_row_inner css=&#8221;.vc_custom_1499221078912{padding-bottom: 20px !important;}&#8221;][vc_column_inner][vc_column_text css=&#8221;.vc_custom_1705239283210{padding-top: 20px !important;}&#8221;]Yann Berriet es un actor franc\u00e9s que divide su tiempo entre Francia y Espa\u00f1a. Improvisador profesional desde hace 20 a\u00f1os, [&hellip;]<\/p>\n","protected":false},"author":1,"featured_media":0,"parent":0,"menu_order":0,"comment_status":"closed","ping_status":"closed","template":"","meta":{"_monsterinsights_skip_tracking":false,"_monsterinsights_sitenote_active":false,"_monsterinsights_sitenote_note":"","_monsterinsights_sitenote_category":0,"footnotes":""},"jetpack_sharing_enabled":true,"_links":{"self":[{"href":"http:\/\/www.yannberriet.com\/es\/wp-json\/wp\/v2\/pages\/3843"}],"collection":[{"href":"http:\/\/www.yannberriet.com\/es\/wp-json\/wp\/v2\/pages"}],"about":[{"href":"http:\/\/www.yannberriet.com\/es\/wp-json\/wp\/v2\/types\/page"}],"author":[{"embeddable":true,"href":"http:\/\/www.yannberriet.com\/es\/wp-json\/wp\/v2\/users\/1"}],"replies":[{"embeddable":true,"href":"http:\/\/www.yannberriet.com\/es\/wp-json\/wp\/v2\/comments?post=3843"}],"version-history":[{"count":5,"href":"http:\/\/www.yannberriet.com\/es\/wp-json\/wp\/v2\/pages\/3843\/revisions"}],"predecessor-version":[{"id":3848,"href":"http:\/\/www.yannberriet.com\/es\/wp-json\/wp\/v2\/pages\/3843\/revisions\/3848"}],"wp:attachment":[{"href":"http:\/\/www.yannberriet.com\/es\/wp-json\/wp\/v2\/media?parent=3843"}],"curies":[{"name":"wp","href":"https:\/\/api.w.org\/{rel}","templated":true}]}}